{"id":5609,"date":"2022-01-28T08:03:54","date_gmt":"2022-01-28T08:03:54","guid":{"rendered":"https:\/\/vigorous-feistel.212-227-71-109.plesk.page\/news\/"},"modified":"2025-07-25T08:35:34","modified_gmt":"2025-07-25T08:35:34","slug":"news","status":"publish","type":"page","link":"https:\/\/interservice.tn.it\/en\/news\/","title":{"rendered":"News"},"content":{"rendered":"\t\t<div data-elementor-type=\"wp-page\" data-elementor-id=\"5609\" class=\"elementor elementor-5609 elementor-2293\" data-elementor-post-type=\"page\">\n\t\t\t\t<section class=\"elementor-element elementor-element-76f13f2 e-con-full e-flex e-con e-parent\" data-id=\"76f13f2\" data-element_type=\"container\" data-e-type=\"container\" data-settings=\"{&quot;background_background&quot;:&quot;classic&quot;}\">\n\t\t<section class=\"elementor-element elementor-element-2084a99 e-con-full e-flex e-con e-child\" data-id=\"2084a99\" data-element_type=\"container\" data-e-type=\"container\">\n\t\t\t\t<div class=\"elementor-element elementor-element-4ff921b elementor-widget elementor-widget-template\" data-id=\"4ff921b\" data-element_type=\"widget\" data-e-type=\"widget\" data-widget_type=\"template.default\">\n\t\t\t\t<div class=\"elementor-widget-container\">\n\t\t\t\t\t\t\t<div class=\"elementor-template\">\n\t\t\t\t\t<div data-elementor-type=\"section\" data-elementor-id=\"5629\" class=\"elementor elementor-5629 elementor-4407 elementor-4407\" data-elementor-post-type=\"elementor_library\">\n\t\t\t\t\t<section class=\"elementor-section elementor-top-section elementor-element elementor-element-d65741d elementor-section-height-min-height elementor-section-full_width elementor-section-height-default elementor-section-items-middle\" data-id=\"d65741d\" data-element_type=\"section\" data-e-type=\"section\" data-settings=\"{&quot;background_background&quot;:&quot;classic&quot;}\">\n\t\t\t\t\t\t<div class=\"elementor-container elementor-column-gap-default\">\n\t\t\t\t\t<div class=\"elementor-column elementor-col-50 elementor-top-column elementor-element elementor-element-54eeab3\" data-id=\"54eeab3\" data-element_type=\"column\" data-e-type=\"column\">\n\t\t\t<div class=\"elementor-widget-wrap elementor-element-populated\">\n\t\t\t\t\t\t<div class=\"elementor-element elementor-element-e3ca830 elementor-invisible elementor-widget elementor-widget-heading\" data-id=\"e3ca830\" data-element_type=\"widget\" data-e-type=\"widget\" data-settings=\"{&quot;_animation&quot;:&quot;fadeInUp&quot;}\" data-widget_type=\"heading.default\">\n\t\t\t\t<div class=\"elementor-widget-container\">\n\t\t\t\t\t<div class=\"elementor-heading-title elementor-size-default\">Latest news<\/div>\t\t\t\t<\/div>\n\t\t\t\t<\/div>\n\t\t\t\t<div class=\"elementor-element elementor-element-60a8fe2 elementor-invisible elementor-widget elementor-widget-heading\" data-id=\"60a8fe2\" data-element_type=\"widget\" data-e-type=\"widget\" data-settings=\"{&quot;_animation&quot;:&quot;fadeInUp&quot;,&quot;_animation_delay&quot;:50}\" data-widget_type=\"heading.default\">\n\t\t\t\t<div class=\"elementor-widget-container\">\n\t\t\t\t\t<p class=\"elementor-heading-title elementor-size-default\">Read our articles, news and promotions to stay up to date.<\/p>\t\t\t\t<\/div>\n\t\t\t\t<\/div>\n\t\t\t\t\t<\/div>\n\t\t<\/div>\n\t\t\t\t<div class=\"elementor-column elementor-col-50 elementor-top-column elementor-element elementor-element-5f7c1a3\" data-id=\"5f7c1a3\" data-element_type=\"column\" data-e-type=\"column\">\n\t\t\t<div class=\"elementor-widget-wrap\">\n\t\t\t\t\t\t\t<\/div>\n\t\t<\/div>\n\t\t\t\t\t<\/div>\n\t\t<\/section>\n\t\t\t\t<\/div>\n\t\t\t\t<\/div>\n\t\t\t\t\t\t<\/div>\n\t\t\t\t<\/div>\n\t\t\t\t<\/section>\n\t\t\t\t<\/section>\n\t\t<div class=\"elementor-element elementor-element-1a84340 e-flex e-con-boxed e-con e-parent\" data-id=\"1a84340\" data-element_type=\"container\" data-e-type=\"container\" data-settings=\"{&quot;background_background&quot;:&quot;classic&quot;}\">\n\t\t\t\t\t<div class=\"e-con-inner\">\n\t\t\t\t<div class=\"elementor-element elementor-element-48a8963 elementor-nav-menu--dropdown-none elementor-widget elementor-widget-nav-menu\" data-id=\"48a8963\" data-element_type=\"widget\" data-e-type=\"widget\" data-settings=\"{&quot;layout&quot;:&quot;horizontal&quot;,&quot;submenu_icon&quot;:{&quot;value&quot;:&quot;&lt;i class=\\&quot;fas fa-caret-down\\&quot; aria-hidden=\\&quot;true\\&quot;&gt;&lt;\\\/i&gt;&quot;,&quot;library&quot;:&quot;fa-solid&quot;}}\" data-widget_type=\"nav-menu.default\">\n\t\t\t\t<div class=\"elementor-widget-container\">\n\t\t\t\t\t\t\t\t<nav aria-label=\"Menu\" class=\"elementor-nav-menu--main elementor-nav-menu__container elementor-nav-menu--layout-horizontal e--pointer-none\">\n\t\t\t\t<ul id=\"menu-1-48a8963\" class=\"elementor-nav-menu\"><li class=\"menu-item menu-item-type-taxonomy menu-item-object-category menu-item-6169\"><a href=\"https:\/\/interservice.tn.it\/en\/category\/news-en\/\" class=\"elementor-item\">News<\/a><\/li>\n<li class=\"menu-item menu-item-type-taxonomy menu-item-object-category menu-item-6168\"><a href=\"https:\/\/interservice.tn.it\/en\/category\/promotions\/\" class=\"elementor-item\">Promotions<\/a><\/li>\n<\/ul>\t\t\t<\/nav>\n\t\t\t\t\t\t<nav class=\"elementor-nav-menu--dropdown elementor-nav-menu__container\" aria-hidden=\"true\">\n\t\t\t\t<ul id=\"menu-2-48a8963\" class=\"elementor-nav-menu\"><li class=\"menu-item menu-item-type-taxonomy menu-item-object-category menu-item-6169\"><a href=\"https:\/\/interservice.tn.it\/en\/category\/news-en\/\" class=\"elementor-item\" tabindex=\"-1\">News<\/a><\/li>\n<li class=\"menu-item menu-item-type-taxonomy menu-item-object-category menu-item-6168\"><a href=\"https:\/\/interservice.tn.it\/en\/category\/promotions\/\" class=\"elementor-item\" tabindex=\"-1\">Promotions<\/a><\/li>\n<\/ul>\t\t\t<\/nav>\n\t\t\t\t\t\t<\/div>\n\t\t\t\t<\/div>\n\t\t\t\t<div class=\"elementor-element elementor-element-a4589dd elementor-grid-3 elementor-grid-tablet-2 elementor-grid-mobile-1 elementor-posts--thumbnail-top elementor-widget elementor-widget-posts\" data-id=\"a4589dd\" data-element_type=\"widget\" data-e-type=\"widget\" data-settings=\"{&quot;pagination_type&quot;:&quot;numbers_and_prev_next&quot;,&quot;classic_columns&quot;:&quot;3&quot;,&quot;classic_columns_tablet&quot;:&quot;2&quot;,&quot;classic_columns_mobile&quot;:&quot;1&quot;,&quot;classic_row_gap&quot;:{&quot;unit&quot;:&quot;px&quot;,&quot;size&quot;:35,&quot;sizes&quot;:[]},&quot;classic_row_gap_tablet&quot;:{&quot;unit&quot;:&quot;px&quot;,&quot;size&quot;:&quot;&quot;,&quot;sizes&quot;:[]},&quot;classic_row_gap_mobile&quot;:{&quot;unit&quot;:&quot;px&quot;,&quot;size&quot;:&quot;&quot;,&quot;sizes&quot;:[]}}\" data-widget_type=\"posts.classic\">\n\t\t\t\t<div class=\"elementor-widget-container\">\n\t\t\t\t\t\t\t<div class=\"elementor-posts-container elementor-posts elementor-posts--skin-classic elementor-grid\" role=\"list\">\n\t\t\t\t<article class=\"elementor-post elementor-grid-item post-8948 post type-post status-publish format-standard has-post-thumbnail hentry category-news\" role=\"listitem\">\n\t\t\t\t<a class=\"elementor-post__thumbnail__link\" href=\"https:\/\/interservice.tn.it\/en\/laccelerata-di-interservice-raccontata-su-autobus-web\/\" tabindex=\"-1\" >\n\t\t\t<div class=\"elementor-post__thumbnail\"><img fetchpriority=\"high\" decoding=\"async\" width=\"1200\" height=\"675\" src=\"https:\/\/interservice.tn.it\/wp-content\/uploads\/2026\/02\/blog2.webp\" class=\"attachment-full size-full wp-image-8963\" alt=\"Blog2\" srcset=\"https:\/\/interservice.tn.it\/wp-content\/uploads\/2026\/02\/blog2.webp 1200w, https:\/\/interservice.tn.it\/wp-content\/uploads\/2026\/02\/blog2-300x169.webp 300w, https:\/\/interservice.tn.it\/wp-content\/uploads\/2026\/02\/blog2-1024x576.webp 1024w, https:\/\/interservice.tn.it\/wp-content\/uploads\/2026\/02\/blog2-768x432.webp 768w\" sizes=\"(max-width: 1200px) 100vw, 1200px\" \/><\/div>\n\t\t<\/a>\n\t\t\t\t<div class=\"elementor-post__text\">\n\t\t\t\t<h3 class=\"elementor-post__title\">\n\t\t\t<a href=\"https:\/\/interservice.tn.it\/en\/laccelerata-di-interservice-raccontata-su-autobus-web\/\" >\n\t\t\t\tL\u2019accelerata di Interservice raccontata su Autobus Web\t\t\t<\/a>\n\t\t<\/h3>\n\t\t\t\t<div class=\"elementor-post__meta-data\">\n\t\t\t\t\t<span class=\"elementor-post-date\">\n\t\t\tFebruary 19, 2026\t\t<\/span>\n\t\t\t\t<\/div>\n\t\t\t\t<div class=\"elementor-post__excerpt\">\n\t\t\t<p>Per Interservice, il bilancio dell\u2019ultimo esercizio conferma un percorso di crescita solido e strutturato, mentre l\u2019anno in corso si apre all\u2019insegna di nuove sfide e<\/p>\n\t\t<\/div>\n\t\t\t\t\t<div class=\"elementor-post__read-more-wrapper\">\n\t\t\n\t\t<a class=\"elementor-post__read-more\" href=\"https:\/\/interservice.tn.it\/en\/laccelerata-di-interservice-raccontata-su-autobus-web\/\" aria-label=\"Read more about L\u2019accelerata di Interservice raccontata su Autobus Web\" tabindex=\"-1\" >\n\t\t\tRead More \u00bb\t\t<\/a>\n\n\t\t\t\t\t<\/div>\n\t\t\t\t<\/div>\n\t\t\t\t<\/article>\n\t\t\t\t<article class=\"elementor-post elementor-grid-item post-8890 post type-post status-publish format-standard has-post-thumbnail hentry category-promozioni\" role=\"listitem\">\n\t\t\t\t<a class=\"elementor-post__thumbnail__link\" href=\"https:\/\/interservice.tn.it\/en\/promo-sistema-webasto-omniplus\/\" tabindex=\"-1\" >\n\t\t\t<div class=\"elementor-post__thumbnail\"><img decoding=\"async\" width=\"2560\" height=\"1440\" src=\"https:\/\/interservice.tn.it\/wp-content\/uploads\/2025\/10\/20251031_Interservice_EBI_promo-riscaldamento-webasto-2025-scaled.webp\" class=\"attachment-full size-full wp-image-8887\" alt=\"20251031 interservice ebi promo riscaldamento webasto 2025\" srcset=\"https:\/\/interservice.tn.it\/wp-content\/uploads\/2025\/10\/20251031_Interservice_EBI_promo-riscaldamento-webasto-2025-scaled.webp 2560w, https:\/\/interservice.tn.it\/wp-content\/uploads\/2025\/10\/20251031_Interservice_EBI_promo-riscaldamento-webasto-2025-300x169.webp 300w, https:\/\/interservice.tn.it\/wp-content\/uploads\/2025\/10\/20251031_Interservice_EBI_promo-riscaldamento-webasto-2025-1024x576.webp 1024w, https:\/\/interservice.tn.it\/wp-content\/uploads\/2025\/10\/20251031_Interservice_EBI_promo-riscaldamento-webasto-2025-768x432.webp 768w, https:\/\/interservice.tn.it\/wp-content\/uploads\/2025\/10\/20251031_Interservice_EBI_promo-riscaldamento-webasto-2025-1536x864.webp 1536w, https:\/\/interservice.tn.it\/wp-content\/uploads\/2025\/10\/20251031_Interservice_EBI_promo-riscaldamento-webasto-2025-2048x1152.webp 2048w\" sizes=\"(max-width: 2560px) 100vw, 2560px\" \/><\/div>\n\t\t<\/a>\n\t\t\t\t<div class=\"elementor-post__text\">\n\t\t\t\t<h3 class=\"elementor-post__title\">\n\t\t\t<a href=\"https:\/\/interservice.tn.it\/en\/promo-sistema-webasto-omniplus\/\" >\n\t\t\t\tPROMO SISTEMA WEBASTO &#8211; OMNIPLUS\t\t\t<\/a>\n\t\t<\/h3>\n\t\t\t\t<div class=\"elementor-post__meta-data\">\n\t\t\t\t\t<span class=\"elementor-post-date\">\n\t\t\tOctober 31, 2025\t\t<\/span>\n\t\t\t\t<\/div>\n\t\t\t\t<div class=\"elementor-post__excerpt\">\n\t\t\t<p>Efficienza e qualit\u00e0. La manutenzione che conviene. Un controllo periodico dei sistemi Webasto \u00e8 essenziale per garantire il corretto funzionamento del riscaldamento ausiliario, migliorando comfort<\/p>\n\t\t<\/div>\n\t\t\t\t\t<div class=\"elementor-post__read-more-wrapper\">\n\t\t\n\t\t<a class=\"elementor-post__read-more\" href=\"https:\/\/interservice.tn.it\/en\/promo-sistema-webasto-omniplus\/\" aria-label=\"Read more about PROMO SISTEMA WEBASTO &#8211; OMNIPLUS\" tabindex=\"-1\" >\n\t\t\tRead More \u00bb\t\t<\/a>\n\n\t\t\t\t\t<\/div>\n\t\t\t\t<\/div>\n\t\t\t\t<\/article>\n\t\t\t\t<article class=\"elementor-post elementor-grid-item post-8820 post type-post status-publish format-standard has-post-thumbnail hentry category-promozioni\" role=\"listitem\">\n\t\t\t\t<a class=\"elementor-post__thumbnail__link\" href=\"https:\/\/interservice.tn.it\/en\/promo-sostituzione-tachigrafi-omniplus\/\" tabindex=\"-1\" >\n\t\t\t<div class=\"elementor-post__thumbnail\"><img decoding=\"async\" width=\"2560\" height=\"1440\" src=\"https:\/\/interservice.tn.it\/wp-content\/uploads\/2025\/09\/20250909_Interservice_Omniplus_Tachigrafo-Nuovo-scaled.webp\" class=\"attachment-full size-full wp-image-8825\" alt=\"20250909 interservice omniplus tachigrafo nuovo\" srcset=\"https:\/\/interservice.tn.it\/wp-content\/uploads\/2025\/09\/20250909_Interservice_Omniplus_Tachigrafo-Nuovo-scaled.webp 2560w, https:\/\/interservice.tn.it\/wp-content\/uploads\/2025\/09\/20250909_Interservice_Omniplus_Tachigrafo-Nuovo-300x169.webp 300w, https:\/\/interservice.tn.it\/wp-content\/uploads\/2025\/09\/20250909_Interservice_Omniplus_Tachigrafo-Nuovo-1024x576.webp 1024w, https:\/\/interservice.tn.it\/wp-content\/uploads\/2025\/09\/20250909_Interservice_Omniplus_Tachigrafo-Nuovo-768x432.webp 768w, https:\/\/interservice.tn.it\/wp-content\/uploads\/2025\/09\/20250909_Interservice_Omniplus_Tachigrafo-Nuovo-1536x864.webp 1536w, https:\/\/interservice.tn.it\/wp-content\/uploads\/2025\/09\/20250909_Interservice_Omniplus_Tachigrafo-Nuovo-2048x1152.webp 2048w\" sizes=\"(max-width: 2560px) 100vw, 2560px\" \/><\/div>\n\t\t<\/a>\n\t\t\t\t<div class=\"elementor-post__text\">\n\t\t\t\t<h3 class=\"elementor-post__title\">\n\t\t\t<a href=\"https:\/\/interservice.tn.it\/en\/promo-sostituzione-tachigrafi-omniplus\/\" >\n\t\t\t\tPROMO SOSTITUZIONE TACHIGRAFI &#8211; OMNIPLUS\t\t\t<\/a>\n\t\t<\/h3>\n\t\t\t\t<div class=\"elementor-post__meta-data\">\n\t\t\t\t\t<span class=\"elementor-post-date\">\n\t\t\tSeptember 23, 2025\t\t<\/span>\n\t\t\t\t<\/div>\n\t\t\t\t<div class=\"elementor-post__excerpt\">\n\t\t\t<p>Tachigrafo nuovo: trasparenza e sicurezza garantita Il tachigrafo \u00e8 uno strumento fondamentale per la registrazione dei tempi di guida e di riposo, ma anche per<\/p>\n\t\t<\/div>\n\t\t\t\t\t<div class=\"elementor-post__read-more-wrapper\">\n\t\t\n\t\t<a class=\"elementor-post__read-more\" href=\"https:\/\/interservice.tn.it\/en\/promo-sostituzione-tachigrafi-omniplus\/\" aria-label=\"Read more about PROMO SOSTITUZIONE TACHIGRAFI &#8211; OMNIPLUS\" tabindex=\"-1\" >\n\t\t\tRead More \u00bb\t\t<\/a>\n\n\t\t\t\t\t<\/div>\n\t\t\t\t<\/div>\n\t\t\t\t<\/article>\n\t\t\t\t<article class=\"elementor-post elementor-grid-item post-8393 post type-post status-publish format-standard has-post-thumbnail hentry category-promozioni\" role=\"listitem\">\n\t\t\t\t<a class=\"elementor-post__thumbnail__link\" href=\"https:\/\/interservice.tn.it\/en\/promo-climatizzazione-efficiente-omniplus\/\" tabindex=\"-1\" >\n\t\t\t<div class=\"elementor-post__thumbnail\"><img loading=\"lazy\" decoding=\"async\" width=\"1200\" height=\"675\" src=\"https:\/\/interservice.tn.it\/wp-content\/uploads\/2025\/07\/20250711_Interservice_Omniplus_Aria-Condizionata-copy.webp\" class=\"attachment-full size-full wp-image-8394\" alt=\"20250711 interservice omniplus aria condizionata copy\" srcset=\"https:\/\/interservice.tn.it\/wp-content\/uploads\/2025\/07\/20250711_Interservice_Omniplus_Aria-Condizionata-copy.webp 1200w, https:\/\/interservice.tn.it\/wp-content\/uploads\/2025\/07\/20250711_Interservice_Omniplus_Aria-Condizionata-copy-300x169.webp 300w, https:\/\/interservice.tn.it\/wp-content\/uploads\/2025\/07\/20250711_Interservice_Omniplus_Aria-Condizionata-copy-1024x576.webp 1024w, https:\/\/interservice.tn.it\/wp-content\/uploads\/2025\/07\/20250711_Interservice_Omniplus_Aria-Condizionata-copy-768x432.webp 768w\" sizes=\"(max-width: 1200px) 100vw, 1200px\" \/><\/div>\n\t\t<\/a>\n\t\t\t\t<div class=\"elementor-post__text\">\n\t\t\t\t<h3 class=\"elementor-post__title\">\n\t\t\t<a href=\"https:\/\/interservice.tn.it\/en\/promo-climatizzazione-efficiente-omniplus\/\" >\n\t\t\t\tPROMO CLIMATIZZAZIONE EFFICIENTE \u2013 OMNIPLUS\t\t\t<\/a>\n\t\t<\/h3>\n\t\t\t\t<div class=\"elementor-post__meta-data\">\n\t\t\t\t\t<span class=\"elementor-post-date\">\n\t\t\tJune 18, 2025\t\t<\/span>\n\t\t\t\t<\/div>\n\t\t\t\t<div class=\"elementor-post__excerpt\">\n\t\t\t<p>Clima efficiente, zero imprevisti: scopri la nostra offerta valida fino a fine 2024. Una climatizzazione efficiente \u00e8 molto pi\u00f9 di una questione di comfort: \u00e8<\/p>\n\t\t<\/div>\n\t\t\t\t\t<div class=\"elementor-post__read-more-wrapper\">\n\t\t\n\t\t<a class=\"elementor-post__read-more\" href=\"https:\/\/interservice.tn.it\/en\/promo-climatizzazione-efficiente-omniplus\/\" aria-label=\"Read more about PROMO CLIMATIZZAZIONE EFFICIENTE \u2013 OMNIPLUS\" tabindex=\"-1\" >\n\t\t\tRead More \u00bb\t\t<\/a>\n\n\t\t\t\t\t<\/div>\n\t\t\t\t<\/div>\n\t\t\t\t<\/article>\n\t\t\t\t<article class=\"elementor-post elementor-grid-item post-8328 post type-post status-publish format-standard has-post-thumbnail hentry category-promozioni\" role=\"listitem\">\n\t\t\t\t<a class=\"elementor-post__thumbnail__link\" href=\"https:\/\/interservice.tn.it\/en\/promo-pacchetto-tergicristialli-omniplus\/\" tabindex=\"-1\" >\n\t\t\t<div class=\"elementor-post__thumbnail\"><img loading=\"lazy\" decoding=\"async\" width=\"1200\" height=\"675\" src=\"https:\/\/interservice.tn.it\/wp-content\/uploads\/2025\/04\/20252804_Interservice_Omniplus_tergicristalli.webp\" class=\"attachment-full size-full wp-image-8331\" alt=\"omniplus tergicristalli\" srcset=\"https:\/\/interservice.tn.it\/wp-content\/uploads\/2025\/04\/20252804_Interservice_Omniplus_tergicristalli.webp 1200w, https:\/\/interservice.tn.it\/wp-content\/uploads\/2025\/04\/20252804_Interservice_Omniplus_tergicristalli-300x169.webp 300w, https:\/\/interservice.tn.it\/wp-content\/uploads\/2025\/04\/20252804_Interservice_Omniplus_tergicristalli-1024x576.webp 1024w, https:\/\/interservice.tn.it\/wp-content\/uploads\/2025\/04\/20252804_Interservice_Omniplus_tergicristalli-768x432.webp 768w\" sizes=\"(max-width: 1200px) 100vw, 1200px\" \/><\/div>\n\t\t<\/a>\n\t\t\t\t<div class=\"elementor-post__text\">\n\t\t\t\t<h3 class=\"elementor-post__title\">\n\t\t\t<a href=\"https:\/\/interservice.tn.it\/en\/promo-pacchetto-tergicristialli-omniplus\/\" >\n\t\t\t\tPROMO PACCHETTO TERGICRISTIALLI &#8211; OMNIPLUS\t\t\t<\/a>\n\t\t<\/h3>\n\t\t\t\t<div class=\"elementor-post__meta-data\">\n\t\t\t\t\t<span class=\"elementor-post-date\">\n\t\t\tApril 18, 2025\t\t<\/span>\n\t\t\t\t<\/div>\n\t\t\t\t<div class=\"elementor-post__excerpt\">\n\t\t\t<p>Pi\u00f9 sicurezza, meno costi: scopri la promo tergicristialli. Guida sempre in totale sicurezza, indipendentemente dalle condizioni meteo: pioggia intensa, neve o improvvisi sbalzi di temperatura<\/p>\n\t\t<\/div>\n\t\t\t\t\t<div class=\"elementor-post__read-more-wrapper\">\n\t\t\n\t\t<a class=\"elementor-post__read-more\" href=\"https:\/\/interservice.tn.it\/en\/promo-pacchetto-tergicristialli-omniplus\/\" aria-label=\"Read more about PROMO PACCHETTO TERGICRISTIALLI &#8211; OMNIPLUS\" tabindex=\"-1\" >\n\t\t\tRead More \u00bb\t\t<\/a>\n\n\t\t\t\t\t<\/div>\n\t\t\t\t<\/div>\n\t\t\t\t<\/article>\n\t\t\t\t<article class=\"elementor-post elementor-grid-item post-8196 post type-post status-publish format-standard has-post-thumbnail hentry category-news\" role=\"listitem\">\n\t\t\t\t<a class=\"elementor-post__thumbnail__link\" href=\"https:\/\/interservice.tn.it\/en\/interservice-articolo-2025-uomini-e-trasporti\/\" tabindex=\"-1\" >\n\t\t\t<div class=\"elementor-post__thumbnail\"><img loading=\"lazy\" decoding=\"async\" width=\"1200\" height=\"675\" src=\"https:\/\/interservice.tn.it\/wp-content\/uploads\/2025\/02\/News_Blog-Fabio-Marino_web.webp\" class=\"attachment-full size-full wp-image-8209\" alt=\"Fabio Marino, AD di Interservice in un intervista su Uomini e Trasporti\" srcset=\"https:\/\/interservice.tn.it\/wp-content\/uploads\/2025\/02\/News_Blog-Fabio-Marino_web.webp 1200w, https:\/\/interservice.tn.it\/wp-content\/uploads\/2025\/02\/News_Blog-Fabio-Marino_web-300x169.webp 300w, https:\/\/interservice.tn.it\/wp-content\/uploads\/2025\/02\/News_Blog-Fabio-Marino_web-1024x576.webp 1024w, https:\/\/interservice.tn.it\/wp-content\/uploads\/2025\/02\/News_Blog-Fabio-Marino_web-768x432.webp 768w\" sizes=\"(max-width: 1200px) 100vw, 1200px\" \/><\/div>\n\t\t<\/a>\n\t\t\t\t<div class=\"elementor-post__text\">\n\t\t\t\t<h3 class=\"elementor-post__title\">\n\t\t\t<a href=\"https:\/\/interservice.tn.it\/en\/interservice-articolo-2025-uomini-e-trasporti\/\" >\n\t\t\t\tAssistenza da Serie A: Interservice sull\u2019ultimo numero di Uomini e Trasporti\t\t\t<\/a>\n\t\t<\/h3>\n\t\t\t\t<div class=\"elementor-post__meta-data\">\n\t\t\t\t\t<span class=\"elementor-post-date\">\n\t\t\tFebruary 6, 2025\t\t<\/span>\n\t\t\t\t<\/div>\n\t\t\t\t<div class=\"elementor-post__excerpt\">\n\t\t\t<p>Intervista a Eduardo Maurelli, Fabio Marino e Marco Campari L&#8217;ultimo numero di Uomini e Trasporti accoglie fra le sue pagine un&#8217;intervista in cui Eduardo Maurelli<\/p>\n\t\t<\/div>\n\t\t\t\t\t<div class=\"elementor-post__read-more-wrapper\">\n\t\t\n\t\t<a class=\"elementor-post__read-more\" href=\"https:\/\/interservice.tn.it\/en\/interservice-articolo-2025-uomini-e-trasporti\/\" aria-label=\"Read more about Assistenza da Serie A: Interservice sull\u2019ultimo numero di Uomini e Trasporti\" tabindex=\"-1\" >\n\t\t\tRead More \u00bb\t\t<\/a>\n\n\t\t\t\t\t<\/div>\n\t\t\t\t<\/div>\n\t\t\t\t<\/article>\n\t\t\t\t<\/div>\n\t\t\n\t\t\t\t<div class=\"e-load-more-anchor\" data-page=\"1\" data-max-page=\"11\" data-next-page=\"https:\/\/interservice.tn.it\/en\/wp-json\/wp\/v2\/pages\/5609\/page\/2\/\"><\/div>\n\t\t\t\t<nav class=\"elementor-pagination\" aria-label=\"Pagination\">\n\t\t\t<span class=\"page-numbers prev\">\u00ab Previous<\/span>\n<span aria-current=\"page\" class=\"page-numbers current\"><span class=\"elementor-screen-only\">Page<\/span>1<\/span>\n<a class=\"page-numbers\" href=\"https:\/\/interservice.tn.it\/en\/wp-json\/wp\/v2\/pages\/5609\/page\/2\/\"><span class=\"elementor-screen-only\">Page<\/span>2<\/a>\n<a class=\"page-numbers\" href=\"https:\/\/interservice.tn.it\/en\/wp-json\/wp\/v2\/pages\/5609\/page\/3\/\"><span class=\"elementor-screen-only\">Page<\/span>3<\/a>\n<span class=\"page-numbers dots\">&hellip;<\/span>\n<a class=\"page-numbers\" href=\"https:\/\/interservice.tn.it\/en\/wp-json\/wp\/v2\/pages\/5609\/page\/11\/\"><span class=\"elementor-screen-only\">Page<\/span>11<\/a>\n<a class=\"page-numbers next\" href=\"https:\/\/interservice.tn.it\/en\/wp-json\/wp\/v2\/pages\/5609\/page\/2\/\">Next \u00bb<\/a>\t\t<\/nav>\n\t\t\t\t\t\t<\/div>\n\t\t\t\t<\/div>\n\t\t\t\t\t<\/div>\n\t\t\t\t<\/div>\n\t\t\t\t<\/div>\n\t\t","protected":false},"excerpt":{"rendered":"","protected":false},"author":24,"featured_media":0,"parent":0,"menu_order":20,"comment_status":"closed","ping_status":"closed","template":"elementor_header_footer","meta":{"slim_seo":{"title":"Assistenza da Serie A: Interservice sull\u2019ultimo numero di Uomini e Trasporti - Interservice","description":"Interservice cresce e innova: un\u2019intervista esclusiva su Uomini e Trasporti svela i segreti del successo."},"footnotes":""},"class_list":["post-5609","page","type-page","status-publish","hentry"],"_links":{"self":[{"href":"https:\/\/interservice.tn.it\/en\/wp-json\/wp\/v2\/pages\/5609","targetHints":{"allow":["GET"]}}],"collection":[{"href":"https:\/\/interservice.tn.it\/en\/wp-json\/wp\/v2\/pages"}],"about":[{"href":"https:\/\/interservice.tn.it\/en\/wp-json\/wp\/v2\/types\/page"}],"author":[{"embeddable":true,"href":"https:\/\/interservice.tn.it\/en\/wp-json\/wp\/v2\/users\/24"}],"replies":[{"embeddable":true,"href":"https:\/\/interservice.tn.it\/en\/wp-json\/wp\/v2\/comments?post=5609"}],"version-history":[{"count":3,"href":"https:\/\/interservice.tn.it\/en\/wp-json\/wp\/v2\/pages\/5609\/revisions"}],"predecessor-version":[{"id":8795,"href":"https:\/\/interservice.tn.it\/en\/wp-json\/wp\/v2\/pages\/5609\/revisions\/8795"}],"wp:attachment":[{"href":"https:\/\/interservice.tn.it\/en\/wp-json\/wp\/v2\/media?parent=5609"}],"curies":[{"name":"wp","href":"https:\/\/api.w.org\/{rel}","templated":true}]}}